{"id":1703,"date":"2024-10-28T10:57:11","date_gmt":"2024-10-28T10:57:11","guid":{"rendered":"https:\/\/itsnevada.studio\/kit-digital\/"},"modified":"2024-10-28T11:12:21","modified_gmt":"2024-10-28T11:12:21","slug":"kit-digital","status":"publish","type":"page","link":"https:\/\/itsnevada.studio\/es\/kit-digital\/","title":{"rendered":"kit digital"},"content":{"rendered":"<div class=\"fusion-fullwidth fullwidth-box fusion-builder-row-1 fusion-flex-container has-pattern-background has-mask-background nonhundred-percent-fullwidth non-hundred-percent-height-scrolling\" style=\"--awb-border-radius-top-left:0px;--awb-border-radius-top-right:0px;--awb-border-radius-bottom-right:0px;--awb-border-radius-bottom-left:0px;--awb-flex-wrap:wrap;\" ><div class=\"fusion-builder-row fusion-row fusion-flex-align-items-flex-start fusion-flex-content-wrap\" style=\"max-width:1404px;margin-left: calc(-4% \/ 2 );margin-right: calc(-4% \/ 2 );\"><div class=\"fusion-layout-column fusion_builder_column fusion-builder-column-0 fusion_builder_column_1_1 1_1 fusion-flex-column\" style=\"--awb-bg-size:cover;--awb-width-large:100%;--awb-margin-top-large:0px;--awb-spacing-right-large:1.92%;--awb-margin-bottom-large:20px;--awb-spacing-left-large:1.92%;--awb-width-medium:100%;--awb-order-medium:0;--awb-spacing-right-medium:1.92%;--awb-spacing-left-medium:1.92%;--awb-width-small:100%;--awb-order-small:0;--awb-spacing-right-small:1.92%;--awb-spacing-left-small:1.92%;\"><div class=\"fusion-column-wrapper fusion-column-has-shadow fusion-flex-justify-content-flex-start fusion-content-layout-column\"><div class=\"fusion-text fusion-text-1 fusion-text-no-margin\" style=\"--awb-margin-top:40px;--awb-margin-bottom:40px;\"><p>Financiado por la Uni\u00f3n Europea \u2013 NextGenerationEU. Sin embargo, los puntos de vista y las opiniones expresadas son \u00fanicamente los del autor o autores y no reflejan necesariamente los de la Uni\u00f3n Europea o la Comisi\u00f3n Europea. Ni la Uni\u00f3n Europea ni la Comisi\u00f3n Europea pueden ser consideradas responsables de las mismas<\/p>\n<\/div><div class=\"fusion-image-element \" style=\"--awb-caption-title-font-family:var(--h2_typography-font-family);--awb-caption-title-font-weight:var(--h2_typography-font-weight);--awb-caption-title-font-style:var(--h2_typography-font-style);--awb-caption-title-size:var(--h2_typography-font-size);--awb-caption-title-transform:var(--h2_typography-text-transform);--awb-caption-title-line-height:var(--h2_typography-line-height);--awb-caption-title-letter-spacing:var(--h2_typography-letter-spacing);\"><span class=\" fusion-imageframe imageframe-none imageframe-1 hover-type-none\"><img decoding=\"async\" width=\"1024\" height=\"119\" title=\"kit-digital-logo2064x239-2048&#215;237-1\" src=\"https:\/\/itsnevada.studio\/wp-content\/uploads\/2024\/10\/kit-digital-logo2064x239-2048x237-1-1024x119.png\" alt class=\"img-responsive wp-image-1699\" srcset=\"https:\/\/itsnevada.studio\/wp-content\/uploads\/2024\/10\/kit-digital-logo2064x239-2048x237-1-200x23.png 200w, https:\/\/itsnevada.studio\/wp-content\/uploads\/2024\/10\/kit-digital-logo2064x239-2048x237-1-400x46.png 400w, https:\/\/itsnevada.studio\/wp-content\/uploads\/2024\/10\/kit-digital-logo2064x239-2048x237-1-600x69.png 600w, https:\/\/itsnevada.studio\/wp-content\/uploads\/2024\/10\/kit-digital-logo2064x239-2048x237-1-800x93.png 800w, https:\/\/itsnevada.studio\/wp-content\/uploads\/2024\/10\/kit-digital-logo2064x239-2048x237-1-1200x139.png 1200w\" sizes=\"(max-width: 1024px) 100vw, (max-width: 640px) 100vw, 1024px\" \/><\/span><\/div><\/div><\/div><\/div><\/div>\n","protected":false},"excerpt":{"rendered":"","protected":false},"author":3479,"featured_media":0,"parent":0,"menu_order":0,"comment_status":"closed","ping_status":"closed","template":"","meta":{"footnotes":""},"class_list":["post-1703","page","type-page","status-publish","hentry"],"yoast_head":"<!-- This site is optimized with the Yoast SEO plugin v27.2 - https:\/\/yoast.com\/product\/yoast-seo-wordpress\/ -->\n<title>kit digital - Nevada Studio<\/title>\n<meta name=\"robots\" content=\"index, follow, max-snippet:-1, max-image-preview:large, max-video-preview:-1\" \/>\n<link rel=\"canonical\" href=\"https:\/\/itsnevada.studio\/es\/kit-digital\/\" \/>\n<meta property=\"og:locale\" content=\"es_ES\" \/>\n<meta property=\"og:type\" content=\"article\" \/>\n<meta property=\"og:title\" content=\"kit digital - Nevada Studio\" \/>\n<meta property=\"og:url\" content=\"https:\/\/itsnevada.studio\/es\/kit-digital\/\" \/>\n<meta property=\"og:site_name\" content=\"Nevada Studio\" \/>\n<meta property=\"article:modified_time\" content=\"2024-10-28T11:12:21+00:00\" \/>\n<meta name=\"twitter:card\" content=\"summary_large_image\" \/>\n<meta name=\"twitter:label1\" content=\"Tiempo de lectura\" \/>\n\t<meta name=\"twitter:data1\" content=\"1 minuto\" \/>\n<script type=\"application\/ld+json\" class=\"yoast-schema-graph\">{\"@context\":\"https:\/\/schema.org\",\"@graph\":[{\"@type\":\"WebPage\",\"@id\":\"https:\/\/itsnevada.studio\/es\/kit-digital\/\",\"url\":\"https:\/\/itsnevada.studio\/es\/kit-digital\/\",\"name\":\"kit digital - Nevada Studio\",\"isPartOf\":{\"@id\":\"https:\/\/itsnevada.studio\/es\/#website\"},\"datePublished\":\"2024-10-28T10:57:11+00:00\",\"dateModified\":\"2024-10-28T11:12:21+00:00\",\"breadcrumb\":{\"@id\":\"https:\/\/itsnevada.studio\/es\/kit-digital\/#breadcrumb\"},\"inLanguage\":\"es\",\"potentialAction\":[{\"@type\":\"ReadAction\",\"target\":[\"https:\/\/itsnevada.studio\/es\/kit-digital\/\"]}]},{\"@type\":\"BreadcrumbList\",\"@id\":\"https:\/\/itsnevada.studio\/es\/kit-digital\/#breadcrumb\",\"itemListElement\":[{\"@type\":\"ListItem\",\"position\":1,\"name\":\"Inici\",\"item\":\"https:\/\/itsnevada.studio\/es\/\"},{\"@type\":\"ListItem\",\"position\":2,\"name\":\"kit digital\"}]},{\"@type\":\"WebSite\",\"@id\":\"https:\/\/itsnevada.studio\/es\/#website\",\"url\":\"https:\/\/itsnevada.studio\/es\/\",\"name\":\"Nevada Studio\",\"description\":\"Ag\u00e8ncia de marketing\",\"potentialAction\":[{\"@type\":\"SearchAction\",\"target\":{\"@type\":\"EntryPoint\",\"urlTemplate\":\"https:\/\/itsnevada.studio\/es\/?s={search_term_string}\"},\"query-input\":{\"@type\":\"PropertyValueSpecification\",\"valueRequired\":true,\"valueName\":\"search_term_string\"}}],\"inLanguage\":\"es\"}]}<\/script>\n<!-- \/ Yoast SEO plugin. -->","yoast_head_json":{"title":"kit digital - Nevada Studio","robots":{"index":"index","follow":"follow","max-snippet":"max-snippet:-1","max-image-preview":"max-image-preview:large","max-video-preview":"max-video-preview:-1"},"canonical":"https:\/\/itsnevada.studio\/es\/kit-digital\/","og_locale":"es_ES","og_type":"article","og_title":"kit digital - Nevada Studio","og_url":"https:\/\/itsnevada.studio\/es\/kit-digital\/","og_site_name":"Nevada Studio","article_modified_time":"2024-10-28T11:12:21+00:00","twitter_card":"summary_large_image","twitter_misc":{"Tiempo de lectura":"1 minuto"},"schema":{"@context":"https:\/\/schema.org","@graph":[{"@type":"WebPage","@id":"https:\/\/itsnevada.studio\/es\/kit-digital\/","url":"https:\/\/itsnevada.studio\/es\/kit-digital\/","name":"kit digital - Nevada Studio","isPartOf":{"@id":"https:\/\/itsnevada.studio\/es\/#website"},"datePublished":"2024-10-28T10:57:11+00:00","dateModified":"2024-10-28T11:12:21+00:00","breadcrumb":{"@id":"https:\/\/itsnevada.studio\/es\/kit-digital\/#breadcrumb"},"inLanguage":"es","potentialAction":[{"@type":"ReadAction","target":["https:\/\/itsnevada.studio\/es\/kit-digital\/"]}]},{"@type":"BreadcrumbList","@id":"https:\/\/itsnevada.studio\/es\/kit-digital\/#breadcrumb","itemListElement":[{"@type":"ListItem","position":1,"name":"Inici","item":"https:\/\/itsnevada.studio\/es\/"},{"@type":"ListItem","position":2,"name":"kit digital"}]},{"@type":"WebSite","@id":"https:\/\/itsnevada.studio\/es\/#website","url":"https:\/\/itsnevada.studio\/es\/","name":"Nevada Studio","description":"Ag\u00e8ncia de marketing","potentialAction":[{"@type":"SearchAction","target":{"@type":"EntryPoint","urlTemplate":"https:\/\/itsnevada.studio\/es\/?s={search_term_string}"},"query-input":{"@type":"PropertyValueSpecification","valueRequired":true,"valueName":"search_term_string"}}],"inLanguage":"es"}]}},"_links":{"self":[{"href":"https:\/\/itsnevada.studio\/es\/wp-json\/wp\/v2\/pages\/1703","targetHints":{"allow":["GET"]}}],"collection":[{"href":"https:\/\/itsnevada.studio\/es\/wp-json\/wp\/v2\/pages"}],"about":[{"href":"https:\/\/itsnevada.studio\/es\/wp-json\/wp\/v2\/types\/page"}],"author":[{"embeddable":true,"href":"https:\/\/itsnevada.studio\/es\/wp-json\/wp\/v2\/users\/3479"}],"replies":[{"embeddable":true,"href":"https:\/\/itsnevada.studio\/es\/wp-json\/wp\/v2\/comments?post=1703"}],"version-history":[{"count":1,"href":"https:\/\/itsnevada.studio\/es\/wp-json\/wp\/v2\/pages\/1703\/revisions"}],"predecessor-version":[{"id":1704,"href":"https:\/\/itsnevada.studio\/es\/wp-json\/wp\/v2\/pages\/1703\/revisions\/1704"}],"wp:attachment":[{"href":"https:\/\/itsnevada.studio\/es\/wp-json\/wp\/v2\/media?parent=1703"}],"curies":[{"name":"wp","href":"https:\/\/api.w.org\/{rel}","templated":true}]}}