{"id":1702,"date":"2024-10-28T11:13:07","date_gmt":"2024-10-28T11:13:07","guid":{"rendered":"https:\/\/itsnevada.studio\/?page_id=1702"},"modified":"2024-10-29T12:35:58","modified_gmt":"2024-10-29T12:35:58","slug":"politica-de-privadesa","status":"publish","type":"page","link":"https:\/\/itsnevada.studio\/ca\/politica-de-privadesa\/","title":{"rendered":"Pol\u00edtica de privadesa"},"content":{"rendered":"\r\n<h2 class=\"wp-block-heading\">Qui som<\/h2>\r\n\r\n\r\n\r\n<p><strong class=\"privacy-policy-tutorial\">Text suggerit: <\/strong>La nostra adre\u00e7a web \u00e9s: https:\/\/itsnevada.studio\/ca\/.<\/p>\r\n\r\n\r\n\r\n<h2 class=\"wp-block-heading\">Comentaris<\/h2>\r\n\r\n\r\n\r\n<p><strong class=\"privacy-policy-tutorial\">Text suggerit: <\/strong>Quan els visitants deixen comentaris a la web, recollim les dades que es mostren al formulari de contacte, aix\u00ed com l&#8217;adre\u00e7a IP del visitant i la cadena de l&#8217;agent de l&#8217;usuari del navegador per ajudar a la detecci\u00f3 de missatges brossa.<\/p>\r\n\r\n\r\n\r\n<p>Una cadena anonimitzada creada a partir de l&#8217;adre\u00e7a electr\u00f2nica (tamb\u00e9 anomenat un hash) pot proporcionar-se al servei Gravatar per veure si l&#8217;esteu usant. La pol\u00edtica de privadesa del servei Gravatar est\u00e0 disponible aqu\u00ed: https:\/\/automattic.com\/privacy\/. Una vegada aprovat el comentari, la imatge del vostre perfil \u00e9s visible al p\u00fablic al context del comentari.<\/p>\r\n\r\n\r\n\r\n<h2 class=\"wp-block-heading\">M\u00e8dia<\/h2>\r\n\r\n\r\n\r\n<p><strong class=\"privacy-policy-tutorial\">Text suggerit: <\/strong>Si pugeu imatges al lloc web, heu d&#8217;evitar pujar imatges que incloguin dades de geolocalitzaci\u00f3 (EXIF GPS) incrustades. Els visitants del lloc web poden baixar i extreure qualsevol informaci\u00f3 de les imatges de la web.<\/p>\r\n\r\n\r\n\r\n<h2 class=\"wp-block-heading\">Galetes<\/h2>\r\n\r\n\r\n\r\n<p><strong class=\"privacy-policy-tutorial\">Text suggerit: <\/strong>Si deixeu un comentari en el lloc web, podeu optar per desar el nom, l&#8217;adre\u00e7a electr\u00f2nica i el lloc web en les galetes. Aix\u00f2 \u00e9s per la vostra comoditat perqu\u00e8 no h\u00e0giu d&#8217;emplenar les dades de nou quan feu un altre comentari. Aquestes galetes duraran un any.<\/p>\r\n\r\n\r\n\r\n<p>Si teniu un compte i inicieu sessi\u00f3 en aquest lloc web, es definir\u00e0 una galeta temporal per determinar si el navegador accepta galetes. Aquesta galeta no cont\u00e9 dades personals i es descartar\u00e0 quan tanqueu el navegador.<\/p>\r\n\r\n\r\n\r\n<p>Quan inicieu sessi\u00f3, tamb\u00e9 es configuraran diverses galetes per desar la informaci\u00f3 d&#8217;inici de sessi\u00f3 i les opcions de visualitzaci\u00f3 de la pantalla. Les galeres d&#8217;inici de sessi\u00f3 duren dos dies, i les galetes de les opcions de pantalla duren un any. Si seleccioneu &#8220;Recordeu-me&#8221;, l&#8217;inici de sessi\u00f3 persistir\u00e0 durant dues setmanes. Si finalitzeu la sessi\u00f3, les galetes d&#8217;inici de sessi\u00f3 seran suprimides.<\/p>\r\n\r\n\r\n\r\n<p>Si editeu o publiqueu un article, una galeta addicional es desar\u00e0 al navegador. Aquesta galeta no inclou dades personals i simplement indica l&#8217;identificador de l&#8217;entrada que acabeu d&#8217;editar. Caduca despr\u00e9s d&#8217;1 dia.<\/p>\r\n\r\n\r\n\r\n<h2 class=\"wp-block-heading\">Contingut incrustat d&#8217;altres llocs web<\/h2>\r\n\r\n\r\n\r\n<p><strong class=\"privacy-policy-tutorial\">Text suggerit: <\/strong>Els articles en aquest lloc web inclou contingut incrustat (p. ex., v\u00eddeos, imatges, articles, etc.). El contingut incrustat des d&#8217;altres llocs web es comporta exactament de la mateixa manera com si el visitant estigu\u00e9s visitant l&#8217;altre lloc web.<\/p>\r\n\r\n\r\n\r\n<p>Aquests llocs web poden recollir dades sobre vosaltres, utilitzar galetes, incrustar seguiment addicional de terceres parts, i monitorar la interacci\u00f3 amb el contingut incrustat, incloent-hi la tra\u00e7a de la interacci\u00f3 amb el contingut incrustat si teniu un compte i heu iniciat sessi\u00f3 en aquest lloc web.<\/p>\r\n\r\n\r\n\r\n<h2 class=\"wp-block-heading\">Amb qui compartim les vostres dades<\/h2>\r\n\r\n\r\n\r\n<p><strong class=\"privacy-policy-tutorial\">Text suggerit: <\/strong>Si sol\u00b7liciteu un reinici de contrasenya, l&#8217;adre\u00e7a IP s&#8217;inclour\u00e0 en el correu electr\u00f2nic de reinicialitzaci\u00f3.<\/p>\r\n\r\n\r\n\r\n<h2 class=\"wp-block-heading\">Quant de temps retenim les dades<\/h2>\r\n\r\n\r\n\r\n<p><strong class=\"privacy-policy-tutorial\">Text suggerit: <\/strong>Si deixeu un comentari, el comentari i les seves dades meta es retenen indefinidament. Aix\u00f2 \u00e9s per poder recon\u00e8ixer i aprovar autom\u00e0ticament qualsevol comentari de seguiment en lloc de mantenir-los en la cua de moderaci\u00f3.<\/p>\r\n\r\n\r\n\r\n<p>Per als usuaris que es registren en la web (si hi ha), tamb\u00e9 emmagatzemem la informaci\u00f3 personal que proporcionen al seu perfil d&#8217;usuari. Tots els usuaris poden veure, editar o suprimir la seva informaci\u00f3 personal en qualsevol moment (excepte que no poden canviar el seu nom d&#8217;usuari). Els administradors del lloc web poden tamb\u00e9 editar aquesta informaci\u00f3.<\/p>\r\n\r\n\r\n\r\n<h2 class=\"wp-block-heading\">Quins drets teniu sobre les vostres dades<\/h2>\r\n\r\n\r\n\r\n<p><strong class=\"privacy-policy-tutorial\">Text suggerit: <\/strong>Si teniu un compte en aquest lloc web o hi heu deixat comentaris, podeu demanar que us enviem un fitxer d&#8217;exportaci\u00f3 de les vostres dades personals, incloent-hi totes les dades que ens h\u00e0geu proporcionat. Tamb\u00e9 podeu demanar que esborrem qualsevol dada personal vostra que tinguem. Aix\u00f2 no inclou les dades que estiguem obligats a conservar amb prop\u00f2sits administratius, legals o de seguretat.<\/p>\r\n\r\n\r\n\r\n<h2 class=\"wp-block-heading\">On s&#8217;envien les vostres dades<\/h2>\r\n\r\n\r\n\r\n<p><strong class=\"privacy-policy-tutorial\">Text suggerit: <\/strong>Els comentaris dels visitants han de ser comprovats mitjan\u00e7ant un servei de detecci\u00f3 de brossa automatitzat.<\/p>\r\n\r\n<p>&nbsp;<\/p>","protected":false},"excerpt":{"rendered":"<p>Qui som Text suggerit: La nostra adre\u00e7a web \u00e9s: https:\/\/itsnevada.studio\/ca\/.  [&#8230;]<\/p>\n","protected":false},"author":3479,"featured_media":0,"parent":0,"menu_order":0,"comment_status":"closed","ping_status":"closed","template":"","meta":{"footnotes":""},"class_list":["post-1702","page","type-page","status-publish","hentry"],"yoast_head":"<!-- This site is optimized with the Yoast SEO plugin v27.3 - https:\/\/yoast.com\/product\/yoast-seo-wordpress\/ -->\n<title>Pol\u00edtica de privadesa - Nevada Studio<\/title>\n<meta name=\"robots\" content=\"index, follow, max-snippet:-1, max-image-preview:large, max-video-preview:-1\" \/>\n<link rel=\"canonical\" href=\"https:\/\/itsnevada.studio\/ca\/politica-de-privadesa\/\" \/>\n<meta property=\"og:locale\" content=\"ca_ES\" \/>\n<meta property=\"og:type\" content=\"article\" \/>\n<meta property=\"og:title\" content=\"Pol\u00edtica de privadesa - Nevada Studio\" \/>\n<meta property=\"og:description\" content=\"Qui som Text suggerit: La nostra adre\u00e7a web \u00e9s: https:\/\/itsnevada.studio\/ca\/. [...]\" \/>\n<meta property=\"og:url\" content=\"https:\/\/itsnevada.studio\/ca\/politica-de-privadesa\/\" \/>\n<meta property=\"og:site_name\" content=\"Nevada Studio\" \/>\n<meta property=\"article:modified_time\" content=\"2024-10-29T12:35:58+00:00\" \/>\n<meta name=\"twitter:card\" content=\"summary_large_image\" \/>\n<meta name=\"twitter:label1\" content=\"Temps estimat de lectura\" \/>\n\t<meta name=\"twitter:data1\" content=\"4 minuts\" \/>\n<script type=\"application\/ld+json\" class=\"yoast-schema-graph\">{\"@context\":\"https:\\\/\\\/schema.org\",\"@graph\":[{\"@type\":\"WebPage\",\"@id\":\"https:\\\/\\\/itsnevada.studio\\\/ca\\\/politica-de-privadesa\\\/\",\"url\":\"https:\\\/\\\/itsnevada.studio\\\/ca\\\/politica-de-privadesa\\\/\",\"name\":\"Pol\u00edtica de privadesa - Nevada Studio\",\"isPartOf\":{\"@id\":\"https:\\\/\\\/itsnevada.studio\\\/ca\\\/#website\"},\"datePublished\":\"2024-10-28T11:13:07+00:00\",\"dateModified\":\"2024-10-29T12:35:58+00:00\",\"breadcrumb\":{\"@id\":\"https:\\\/\\\/itsnevada.studio\\\/ca\\\/politica-de-privadesa\\\/#breadcrumb\"},\"inLanguage\":\"ca\",\"potentialAction\":[{\"@type\":\"ReadAction\",\"target\":[\"https:\\\/\\\/itsnevada.studio\\\/ca\\\/politica-de-privadesa\\\/\"]}]},{\"@type\":\"BreadcrumbList\",\"@id\":\"https:\\\/\\\/itsnevada.studio\\\/ca\\\/politica-de-privadesa\\\/#breadcrumb\",\"itemListElement\":[{\"@type\":\"ListItem\",\"position\":1,\"name\":\"Inici\",\"item\":\"https:\\\/\\\/itsnevada.studio\\\/ca\\\/\"},{\"@type\":\"ListItem\",\"position\":2,\"name\":\"Pol\u00edtica de privadesa\"}]},{\"@type\":\"WebSite\",\"@id\":\"https:\\\/\\\/itsnevada.studio\\\/ca\\\/#website\",\"url\":\"https:\\\/\\\/itsnevada.studio\\\/ca\\\/\",\"name\":\"Nevada Studio\",\"description\":\"Ag\u00e8ncia de marketing\",\"potentialAction\":[{\"@type\":\"SearchAction\",\"target\":{\"@type\":\"EntryPoint\",\"urlTemplate\":\"https:\\\/\\\/itsnevada.studio\\\/ca\\\/?s={search_term_string}\"},\"query-input\":{\"@type\":\"PropertyValueSpecification\",\"valueRequired\":true,\"valueName\":\"search_term_string\"}}],\"inLanguage\":\"ca\"}]}<\/script>\n<!-- \/ Yoast SEO plugin. -->","yoast_head_json":{"title":"Pol\u00edtica de privadesa - Nevada Studio","robots":{"index":"index","follow":"follow","max-snippet":"max-snippet:-1","max-image-preview":"max-image-preview:large","max-video-preview":"max-video-preview:-1"},"canonical":"https:\/\/itsnevada.studio\/ca\/politica-de-privadesa\/","og_locale":"ca_ES","og_type":"article","og_title":"Pol\u00edtica de privadesa - Nevada Studio","og_description":"Qui som Text suggerit: La nostra adre\u00e7a web \u00e9s: https:\/\/itsnevada.studio\/ca\/. [...]","og_url":"https:\/\/itsnevada.studio\/ca\/politica-de-privadesa\/","og_site_name":"Nevada Studio","article_modified_time":"2024-10-29T12:35:58+00:00","twitter_card":"summary_large_image","twitter_misc":{"Temps estimat de lectura":"4 minuts"},"schema":{"@context":"https:\/\/schema.org","@graph":[{"@type":"WebPage","@id":"https:\/\/itsnevada.studio\/ca\/politica-de-privadesa\/","url":"https:\/\/itsnevada.studio\/ca\/politica-de-privadesa\/","name":"Pol\u00edtica de privadesa - Nevada Studio","isPartOf":{"@id":"https:\/\/itsnevada.studio\/ca\/#website"},"datePublished":"2024-10-28T11:13:07+00:00","dateModified":"2024-10-29T12:35:58+00:00","breadcrumb":{"@id":"https:\/\/itsnevada.studio\/ca\/politica-de-privadesa\/#breadcrumb"},"inLanguage":"ca","potentialAction":[{"@type":"ReadAction","target":["https:\/\/itsnevada.studio\/ca\/politica-de-privadesa\/"]}]},{"@type":"BreadcrumbList","@id":"https:\/\/itsnevada.studio\/ca\/politica-de-privadesa\/#breadcrumb","itemListElement":[{"@type":"ListItem","position":1,"name":"Inici","item":"https:\/\/itsnevada.studio\/ca\/"},{"@type":"ListItem","position":2,"name":"Pol\u00edtica de privadesa"}]},{"@type":"WebSite","@id":"https:\/\/itsnevada.studio\/ca\/#website","url":"https:\/\/itsnevada.studio\/ca\/","name":"Nevada Studio","description":"Ag\u00e8ncia de marketing","potentialAction":[{"@type":"SearchAction","target":{"@type":"EntryPoint","urlTemplate":"https:\/\/itsnevada.studio\/ca\/?s={search_term_string}"},"query-input":{"@type":"PropertyValueSpecification","valueRequired":true,"valueName":"search_term_string"}}],"inLanguage":"ca"}]}},"_links":{"self":[{"href":"https:\/\/itsnevada.studio\/ca\/wp-json\/wp\/v2\/pages\/1702","targetHints":{"allow":["GET"]}}],"collection":[{"href":"https:\/\/itsnevada.studio\/ca\/wp-json\/wp\/v2\/pages"}],"about":[{"href":"https:\/\/itsnevada.studio\/ca\/wp-json\/wp\/v2\/types\/page"}],"author":[{"embeddable":true,"href":"https:\/\/itsnevada.studio\/ca\/wp-json\/wp\/v2\/users\/3479"}],"replies":[{"embeddable":true,"href":"https:\/\/itsnevada.studio\/ca\/wp-json\/wp\/v2\/comments?post=1702"}],"version-history":[{"count":4,"href":"https:\/\/itsnevada.studio\/ca\/wp-json\/wp\/v2\/pages\/1702\/revisions"}],"predecessor-version":[{"id":1799,"href":"https:\/\/itsnevada.studio\/ca\/wp-json\/wp\/v2\/pages\/1702\/revisions\/1799"}],"wp:attachment":[{"href":"https:\/\/itsnevada.studio\/ca\/wp-json\/wp\/v2\/media?parent=1702"}],"curies":[{"name":"wp","href":"https:\/\/api.w.org\/{rel}","templated":true}]}}