{"id":1695,"date":"2024-10-28T10:57:11","date_gmt":"2024-10-28T10:57:11","guid":{"rendered":"https:\/\/itsnevada.studio\/?page_id=1695"},"modified":"2024-10-28T13:49:28","modified_gmt":"2024-10-28T13:49:28","slug":"kit-digital","status":"publish","type":"page","link":"https:\/\/itsnevada.studio\/ca\/kit-digital\/","title":{"rendered":"Kit digital"},"content":{"rendered":"<div class=\"fusion-fullwidth fullwidth-box fusion-builder-row-1 fusion-flex-container has-pattern-background has-mask-background nonhundred-percent-fullwidth non-hundred-percent-height-scrolling\" style=\"--awb-border-radius-top-left:0px;--awb-border-radius-top-right:0px;--awb-border-radius-bottom-right:0px;--awb-border-radius-bottom-left:0px;--awb-flex-wrap:wrap;\" ><div class=\"fusion-builder-row fusion-row fusion-flex-align-items-flex-start fusion-flex-content-wrap\" style=\"max-width:1404px;margin-left: calc(-4% \/ 2 );margin-right: calc(-4% \/ 2 );\"><div class=\"fusion-layout-column fusion_builder_column fusion-builder-column-0 fusion_builder_column_1_1 1_1 fusion-flex-column\" style=\"--awb-bg-size:cover;--awb-width-large:100%;--awb-margin-top-large:0px;--awb-spacing-right-large:1.92%;--awb-margin-bottom-large:20px;--awb-spacing-left-large:1.92%;--awb-width-medium:100%;--awb-order-medium:0;--awb-spacing-right-medium:1.92%;--awb-spacing-left-medium:1.92%;--awb-width-small:100%;--awb-order-small:0;--awb-spacing-right-small:1.92%;--awb-spacing-left-small:1.92%;\"><div class=\"fusion-column-wrapper fusion-column-has-shadow fusion-flex-justify-content-flex-start fusion-content-layout-column\"><div class=\"fusion-text fusion-text-1 fusion-text-no-margin\" style=\"--awb-margin-top:40px;--awb-margin-bottom:40px;\"><p>Finan\u00e7at per la Uni\u00f3 Europea \u2013 NextGenerationEU. Tot i aix\u00f2, els punts de vista i les opinions expressades s\u00f3n \u00fanicament els de l&#8217;autor o autors i no reflecteixen necess\u00e0riament els de la Uni\u00f3 Europea o la Comissi\u00f3 Europea. Ni la Uni\u00f3 Europea ni la Comissi\u00f3 Europea poden ser considerades responsables de les mateixes<\/p>\n<\/div><div class=\"fusion-image-element \" style=\"--awb-caption-title-font-family:var(--h2_typography-font-family);--awb-caption-title-font-weight:var(--h2_typography-font-weight);--awb-caption-title-font-style:var(--h2_typography-font-style);--awb-caption-title-size:var(--h2_typography-font-size);--awb-caption-title-transform:var(--h2_typography-text-transform);--awb-caption-title-line-height:var(--h2_typography-line-height);--awb-caption-title-letter-spacing:var(--h2_typography-letter-spacing);\"><span class=\" fusion-imageframe imageframe-none imageframe-1 hover-type-none\"><img decoding=\"async\" width=\"1024\" height=\"119\" title=\"kit-digital-logo2064x239-2048&#215;237-1\" src=\"https:\/\/itsnevada.studio\/wp-content\/uploads\/2024\/10\/kit-digital-logo2064x239-2048x237-1-1024x119.png\" alt class=\"img-responsive wp-image-1698\" srcset=\"https:\/\/itsnevada.studio\/wp-content\/uploads\/2024\/10\/kit-digital-logo2064x239-2048x237-1-200x23.png 200w, https:\/\/itsnevada.studio\/wp-content\/uploads\/2024\/10\/kit-digital-logo2064x239-2048x237-1-400x46.png 400w, https:\/\/itsnevada.studio\/wp-content\/uploads\/2024\/10\/kit-digital-logo2064x239-2048x237-1-600x69.png 600w, https:\/\/itsnevada.studio\/wp-content\/uploads\/2024\/10\/kit-digital-logo2064x239-2048x237-1-800x93.png 800w, https:\/\/itsnevada.studio\/wp-content\/uploads\/2024\/10\/kit-digital-logo2064x239-2048x237-1-1200x139.png 1200w\" sizes=\"(max-width: 1024px) 100vw, (max-width: 640px) 100vw, 1024px\" \/><\/span><\/div><\/div><\/div><\/div><\/div>\n","protected":false},"excerpt":{"rendered":"","protected":false},"author":3479,"featured_media":0,"parent":0,"menu_order":0,"comment_status":"closed","ping_status":"closed","template":"","meta":{"footnotes":""},"class_list":["post-1695","page","type-page","status-publish","hentry"],"yoast_head":"<!-- This site is optimized with the Yoast SEO plugin v27.3 - https:\/\/yoast.com\/product\/yoast-seo-wordpress\/ -->\n<title>Kit digital - Nevada Studio<\/title>\n<meta name=\"robots\" content=\"index, follow, max-snippet:-1, max-image-preview:large, max-video-preview:-1\" \/>\n<link rel=\"canonical\" href=\"https:\/\/itsnevada.studio\/ca\/kit-digital\/\" \/>\n<meta property=\"og:locale\" content=\"ca_ES\" \/>\n<meta property=\"og:type\" content=\"article\" \/>\n<meta property=\"og:title\" content=\"Kit digital - Nevada Studio\" \/>\n<meta property=\"og:url\" content=\"https:\/\/itsnevada.studio\/ca\/kit-digital\/\" \/>\n<meta property=\"og:site_name\" content=\"Nevada Studio\" \/>\n<meta property=\"article:modified_time\" content=\"2024-10-28T13:49:28+00:00\" \/>\n<meta name=\"twitter:card\" content=\"summary_large_image\" \/>\n<meta name=\"twitter:label1\" content=\"Temps estimat de lectura\" \/>\n\t<meta name=\"twitter:data1\" content=\"4 minuts\" \/>\n<script type=\"application\/ld+json\" class=\"yoast-schema-graph\">{\"@context\":\"https:\\\/\\\/schema.org\",\"@graph\":[{\"@type\":\"WebPage\",\"@id\":\"https:\\\/\\\/itsnevada.studio\\\/ca\\\/kit-digital\\\/\",\"url\":\"https:\\\/\\\/itsnevada.studio\\\/ca\\\/kit-digital\\\/\",\"name\":\"Kit digital - Nevada Studio\",\"isPartOf\":{\"@id\":\"https:\\\/\\\/itsnevada.studio\\\/ca\\\/#website\"},\"datePublished\":\"2024-10-28T10:57:11+00:00\",\"dateModified\":\"2024-10-28T13:49:28+00:00\",\"breadcrumb\":{\"@id\":\"https:\\\/\\\/itsnevada.studio\\\/ca\\\/kit-digital\\\/#breadcrumb\"},\"inLanguage\":\"ca\",\"potentialAction\":[{\"@type\":\"ReadAction\",\"target\":[\"https:\\\/\\\/itsnevada.studio\\\/ca\\\/kit-digital\\\/\"]}]},{\"@type\":\"BreadcrumbList\",\"@id\":\"https:\\\/\\\/itsnevada.studio\\\/ca\\\/kit-digital\\\/#breadcrumb\",\"itemListElement\":[{\"@type\":\"ListItem\",\"position\":1,\"name\":\"Inici\",\"item\":\"https:\\\/\\\/itsnevada.studio\\\/ca\\\/\"},{\"@type\":\"ListItem\",\"position\":2,\"name\":\"Kit digital\"}]},{\"@type\":\"WebSite\",\"@id\":\"https:\\\/\\\/itsnevada.studio\\\/ca\\\/#website\",\"url\":\"https:\\\/\\\/itsnevada.studio\\\/ca\\\/\",\"name\":\"Nevada Studio\",\"description\":\"Ag\u00e8ncia de marketing\",\"potentialAction\":[{\"@type\":\"SearchAction\",\"target\":{\"@type\":\"EntryPoint\",\"urlTemplate\":\"https:\\\/\\\/itsnevada.studio\\\/ca\\\/?s={search_term_string}\"},\"query-input\":{\"@type\":\"PropertyValueSpecification\",\"valueRequired\":true,\"valueName\":\"search_term_string\"}}],\"inLanguage\":\"ca\"}]}<\/script>\n<!-- \/ Yoast SEO plugin. -->","yoast_head_json":{"title":"Kit digital - Nevada Studio","robots":{"index":"index","follow":"follow","max-snippet":"max-snippet:-1","max-image-preview":"max-image-preview:large","max-video-preview":"max-video-preview:-1"},"canonical":"https:\/\/itsnevada.studio\/ca\/kit-digital\/","og_locale":"ca_ES","og_type":"article","og_title":"Kit digital - Nevada Studio","og_url":"https:\/\/itsnevada.studio\/ca\/kit-digital\/","og_site_name":"Nevada Studio","article_modified_time":"2024-10-28T13:49:28+00:00","twitter_card":"summary_large_image","twitter_misc":{"Temps estimat de lectura":"4 minuts"},"schema":{"@context":"https:\/\/schema.org","@graph":[{"@type":"WebPage","@id":"https:\/\/itsnevada.studio\/ca\/kit-digital\/","url":"https:\/\/itsnevada.studio\/ca\/kit-digital\/","name":"Kit digital - Nevada Studio","isPartOf":{"@id":"https:\/\/itsnevada.studio\/ca\/#website"},"datePublished":"2024-10-28T10:57:11+00:00","dateModified":"2024-10-28T13:49:28+00:00","breadcrumb":{"@id":"https:\/\/itsnevada.studio\/ca\/kit-digital\/#breadcrumb"},"inLanguage":"ca","potentialAction":[{"@type":"ReadAction","target":["https:\/\/itsnevada.studio\/ca\/kit-digital\/"]}]},{"@type":"BreadcrumbList","@id":"https:\/\/itsnevada.studio\/ca\/kit-digital\/#breadcrumb","itemListElement":[{"@type":"ListItem","position":1,"name":"Inici","item":"https:\/\/itsnevada.studio\/ca\/"},{"@type":"ListItem","position":2,"name":"Kit digital"}]},{"@type":"WebSite","@id":"https:\/\/itsnevada.studio\/ca\/#website","url":"https:\/\/itsnevada.studio\/ca\/","name":"Nevada Studio","description":"Ag\u00e8ncia de marketing","potentialAction":[{"@type":"SearchAction","target":{"@type":"EntryPoint","urlTemplate":"https:\/\/itsnevada.studio\/ca\/?s={search_term_string}"},"query-input":{"@type":"PropertyValueSpecification","valueRequired":true,"valueName":"search_term_string"}}],"inLanguage":"ca"}]}},"_links":{"self":[{"href":"https:\/\/itsnevada.studio\/ca\/wp-json\/wp\/v2\/pages\/1695","targetHints":{"allow":["GET"]}}],"collection":[{"href":"https:\/\/itsnevada.studio\/ca\/wp-json\/wp\/v2\/pages"}],"about":[{"href":"https:\/\/itsnevada.studio\/ca\/wp-json\/wp\/v2\/types\/page"}],"author":[{"embeddable":true,"href":"https:\/\/itsnevada.studio\/ca\/wp-json\/wp\/v2\/users\/3479"}],"replies":[{"embeddable":true,"href":"https:\/\/itsnevada.studio\/ca\/wp-json\/wp\/v2\/comments?post=1695"}],"version-history":[{"count":2,"href":"https:\/\/itsnevada.studio\/ca\/wp-json\/wp\/v2\/pages\/1695\/revisions"}],"predecessor-version":[{"id":1740,"href":"https:\/\/itsnevada.studio\/ca\/wp-json\/wp\/v2\/pages\/1695\/revisions\/1740"}],"wp:attachment":[{"href":"https:\/\/itsnevada.studio\/ca\/wp-json\/wp\/v2\/media?parent=1695"}],"curies":[{"name":"wp","href":"https:\/\/api.w.org\/{rel}","templated":true}]}}